{"id":2,"date":"2023-02-17T13:03:16","date_gmt":"2023-02-17T12:03:16","guid":{"rendered":"https:\/\/konvent.oeko-und-fair.de\/?page_id=2"},"modified":"2024-01-26T13:42:09","modified_gmt":"2024-01-26T12:42:09","slug":"beispiel-seite","status":"publish","type":"page","link":"https:\/\/konvent.oeko-und-fair.de\/","title":{"rendered":"Mehr Gemeinwohl!"},"content":{"rendered":"\n<p class=\"has-text-align-center has-white-color has-text-color has-background has-small-font-size\" style=\"background-color:#669999\">Das M\u00fchlrad in Gauting ist nicht nur Wahrzeichen, sondern auch ein Symbol f\u00fcr das Gemeinwohl. Es lieferte von Anfang an Energie zum Wohl der B\u00fcrger und der Unternehmen. An Profit dachte damals noch niemand&#8230;<\/p>\n\n\n\n<p class=\"has-text-align-center\">Die \u201eSoziale Marktwirtschaft\u201c ist im Laufe der letzten Jahrzehnte in entfesselte \u201eM\u00e4rkte\u201c in globaler Dimension abgedriftet, die ausschlie\u00dflich von Profitgier und R\u00fccksichtslosigkeit gepr\u00e4gt sind. Armut, Hunger, Obdachlosigkeit, Vertreibung und Tod breiten sich weltweit rasant aus, w\u00e4hrend&nbsp;wenige Menschen ungeheure Geldmengen auf sich konzentrieren. Geld hat seinen Sinn verloren. Es dient nur noch dem Selbstzweck seiner leistungslosen Vermehrung und wird gleichzeitig in gro\u00dfem Stil zur Zerst\u00f6rung des Planeten verwendet. Der soziale Sprengstoff, der sich in dieser desolaten Wirtschaftsform verbirgt, wird explodieren. Die Frage ist nicht ob, sondern wann. Der Kapitalismus hat sich zwar gegen den Kommunismus durchgesetzt, aber seine Folgen werden apokalyptisch sein. Deshalb&#8230;<\/p>\n\n\n\n<h3 class=\"wp-block-heading has-text-align-center has-white-color has-text-color has-background\" style=\"background-color:#669999\">Wir wollen unser Wirtschaftssystem \u00e4ndern!<\/h3>\n\n\n\n<p class=\"has-text-align-center\">Denn das Volk als Souver\u00e4n ist berechtigt und in der Lage, Grundgesetz und Verfassung so zu \u00e4ndern, dass die Wirtschaft dem Gemeinwohl und dem Gl\u00fcck dient und Exzesse der Finanzwirtschaft ausgeschlossen werden.<\/p>\n\n\n\n<p class=\"has-text-align-center\">Laut einer Umfrage der Bertelsmann-Stiftung vom Juli 2012 w\u00fcnschen sich mehr als 80% der Menschen in Deutschland und \u00d6sterreich eine \u201e<strong>neue Wirtschaftsordnung<\/strong>\u201c um den Umweltschutz zu st\u00e4rken, den sorgsamen Umgang mit Ressourcen sicherzustellen und den sozialen Ausgleich in der Gesellschaft st\u00e4rker zu ber\u00fccksichtigen.<\/p>\n\n\n\n<p class=\"has-text-align-center\">Denn&#8230;<\/p>\n\n\n\n<h3 class=\"wp-block-heading has-text-align-center has-white-color has-text-color has-background\" style=\"background-color:#669999\">Die gesamte wirtschaftliche T\u00e4tigkeit dient dem Gemeinwohl\u2026<br><br>(Art. 151 der bayerischen Verfassung)<\/h3>\n\n\n\n<p class=\"has-text-align-center\">Diesen Verfassungsauftrag nehmen wir ernst und deshalb wollen wir zuerst auf kommunaler Ebene die Gemeinde mit einer Gemeinwohlbilanz unter die Lupe nehmen, einen Wirtschafts-Konvent installieren, in dem ein repr\u00e4sentativer Querschnitt der Bev\u00f6lkerung einen Entwurf eines Wirtschafts- und Geldsystems erarbeitet, der vorrangig dem Gemeinwohl dient anstatt dem Profit.<\/p>\n\n\n\n<div class=\"wp-block-columns is-layout-flex wp-container-core-columns-is-layout-9d6595d7 wp-block-columns-is-layout-flex\">\n<div class=\"wp-block-column is-vertically-aligned-top has-background has-small-font-size is-layout-flow wp-block-column-is-layout-flow\" style=\"background-color:#6799997d\">\n<h3 class=\"wp-block-heading has-text-align-center has-medium-font-size\">Warum Gemeinwohl-\u00d6konomie f\u00fcr Gauting<\/h3>\n\n\n\n<p class=\"has-text-align-center\">Die Gemeinwohl-\u00d6konomie, kurz GW\u00d6, beschreibt ein Wirtschaftsmodell, das die F\u00f6rderung der Werte, die ein gutes Leben f\u00fcr Alle ausmachen, als \u00fcbergeordnetes Ziel allen Wirtschaftens vorsieht.\u200b<\/p>\n\n\n\n<p class=\"has-text-align-center\">Die GW\u00d6 ist ein Ver\u00e4nderungshebel auf wirtschaftlicher, politischer und gesellschaftlicher Ebene \u2013 ganz im Sinne der bayerischen Verfassung.<\/p>\n\n\n\n<div class=\"wp-block-buttons is-vertical is-content-justification-center is-layout-flex wp-container-core-buttons-is-layout-9a7cdcfd wp-block-buttons-is-layout-flex\">\n<div class=\"wp-block-button has-custom-width wp-block-button__width-75\"><a class=\"wp-block-button__link has-background has-text-align-center wp-element-button\" href=\"https:\/\/germany.ecogood.org\/umsetzung\/gemeinden\/\" style=\"background-color:#669999\" target=\"_blank\" rel=\"noreferrer noopener\">mehr erfahren&#8230;<\/a><\/div>\n<\/div>\n\n\n\n<p><\/p>\n<\/div>\n\n\n\n<div class=\"wp-block-column has-background is-layout-flow wp-block-column-is-layout-flow\" style=\"background-color:#6799997d\">\n<h3 class=\"wp-block-heading has-text-align-center has-medium-font-size\">Ein Konvent entwirft die Wirtschaft der Zukunft<\/h3>\n\n\n\n<p class=\"has-text-align-center\">Gemeinwohl JETZT! ist eine b\u00fcrgerliche Allianz von \u00fcberparteilichen Vereinen, Initiativen, Netzwerken und Privatpersonen. Die Initiative versteht sich als Unterst\u00fctzung der Politik und startet mit dem Gemeinwohl-Konvent einen direkt-demokratischen Prozess souver\u00e4ner B\u00fcrger*innen, mit dem ergebnisoffen und partei\u00fcbergreifend kreativ L\u00f6sungsans\u00e4tze f\u00fcr wichtige Themen erarbeitet werden sollen.<\/p>\n\n\n\n<div class=\"wp-block-buttons is-vertical is-content-justification-center is-layout-flex wp-container-core-buttons-is-layout-9a7cdcfd wp-block-buttons-is-layout-flex\">\n<div class=\"wp-block-button has-custom-width wp-block-button__width-75\"><a class=\"wp-block-button__link has-white-color has-text-color has-background has-text-align-center wp-element-button\" href=\"https:\/\/konvent.oeko-und-fair.de\/wp-content\/uploads\/2023\/04\/leitfaden_wirtschaftskonvent_gwo-gemeinde_dezember-20124.pdf\" style=\"background-color:#669999\" target=\"_blank\" rel=\"noreferrer noopener\">Leitfaden&#8230;<\/a><\/div>\n<\/div>\n\n\n\n<p><\/p>\n<\/div>\n\n\n\n<div class=\"wp-block-column is-vertically-aligned-top has-background is-layout-flow wp-block-column-is-layout-flow\" style=\"background-color:#6799997d\">\n<h3 class=\"wp-block-heading has-text-align-center has-medium-font-size\">Eine Regionalw\u00e4hrung f\u00fcr Gauting<\/h3>\n\n\n\n<p class=\"has-text-align-center\">Ein m\u00f6gliches Ergebnis kann eine Regionale Komplement\u00e4rw\u00e4hrung sein. Sie kann 1:1 mit dem Euro verrechnet werden, oder ihr Wert kann z.B. mit Silber gedeckt sein. Das w\u00fcrde sie unabh\u00e4ngig von Inflation und einem Euro-Crash machen. F\u00fcr die Regionalw\u00e4hrung (W\u00fcrmtaler) gibt es eine eigene Website:<\/p>\n\n\n\n<div class=\"wp-block-buttons is-vertical is-content-justification-center is-layout-flex wp-container-core-buttons-is-layout-9a7cdcfd wp-block-buttons-is-layout-flex\">\n<div class=\"wp-block-button has-custom-width wp-block-button__width-75\"><a class=\"wp-block-button__link has-background wp-element-button\" href=\"https:\/\/wuermtaler.oeko-und-fair.de\" style=\"background-color:#669999\" target=\"_blank\" rel=\"noreferrer noopener\">zum W\u00fcrmtaler&#8230;<\/a><\/div>\n<\/div>\n\n\n\n<p><\/p>\n<\/div>\n<\/div>\n\n\n\n<hr class=\"wp-block-separator has-text-color has-vivid-red-color has-alpha-channel-opacity has-vivid-red-background-color has-background\"\/>\n\n\n\n<div class=\"wp-block-columns is-layout-flex wp-container-core-columns-is-layout-9d6595d7 wp-block-columns-is-layout-flex\">\n<div class=\"wp-block-column is-layout-flow wp-block-column-is-layout-flow\">\n<h2 class=\"wp-block-heading has-text-align-center\">1. Schritt zum Ziel:  Kommunikation mit dem Gemeinderat<\/h2>\n<\/div>\n<\/div>\n\n\n\n<p class=\"has-text-align-center\">Ein Anschreiben und zwei Antragsentw\u00fcrfe f\u00fcr den Gautinger Gemeinderat:<\/p>\n\n\n\n<div class=\"wp-block-columns is-layout-flex wp-container-core-columns-is-layout-9d6595d7 wp-block-columns-is-layout-flex\">\n<div class=\"wp-block-column is-layout-flow wp-block-column-is-layout-flow\">\n<figure class=\"wp-block-image size-large is-style-default\"><a href=\"https:\/\/konvent.oeko-und-fair.de\/wp-content\/uploads\/2023\/04\/Anschreiben-Gemeinde-Gauting.pdf\" target=\"_blank\" rel=\"noreferrer noopener\"><img loading=\"lazy\" decoding=\"async\" width=\"725\" height=\"1024\" src=\"https:\/\/konvent.oeko-und-fair.de\/wp-content\/uploads\/2023\/04\/Anschreiben-Gemeinde-Gauting_Seite_1-725x1024.jpg\" alt=\"\" class=\"wp-image-152\" srcset=\"https:\/\/konvent.oeko-und-fair.de\/wp-content\/uploads\/2023\/04\/Anschreiben-Gemeinde-Gauting_Seite_1-725x1024.jpg 725w, https:\/\/konvent.oeko-und-fair.de\/wp-content\/uploads\/2023\/04\/Anschreiben-Gemeinde-Gauting_Seite_1-212x300.jpg 212w, https:\/\/konvent.oeko-und-fair.de\/wp-content\/uploads\/2023\/04\/Anschreiben-Gemeinde-Gauting_Seite_1-768x1085.jpg 768w, https:\/\/konvent.oeko-und-fair.de\/wp-content\/uploads\/2023\/04\/Anschreiben-Gemeinde-Gauting_Seite_1-1087x1536.jpg 1087w, https:\/\/konvent.oeko-und-fair.de\/wp-content\/uploads\/2023\/04\/Anschreiben-Gemeinde-Gauting_Seite_1.jpg 1241w\" sizes=\"auto, (max-width: 725px) 100vw, 725px\" \/><\/a><\/figure>\n<\/div>\n\n\n\n<div class=\"wp-block-column is-layout-flow wp-block-column-is-layout-flow\">\n<figure class=\"wp-block-image size-large\"><a href=\"https:\/\/konvent.oeko-und-fair.de\/wp-content\/uploads\/2023\/04\/Antragsentwurf-Gemeinwohlbilanz.pdf\" target=\"_blank\" rel=\"noreferrer noopener\"><img loading=\"lazy\" decoding=\"async\" width=\"725\" height=\"1024\" src=\"https:\/\/konvent.oeko-und-fair.de\/wp-content\/uploads\/2023\/04\/Antragsentwurf-Gemeinwohlbilanz-725x1024.jpg\" alt=\"\" class=\"wp-image-147\" srcset=\"https:\/\/konvent.oeko-und-fair.de\/wp-content\/uploads\/2023\/04\/Antragsentwurf-Gemeinwohlbilanz-725x1024.jpg 725w, https:\/\/konvent.oeko-und-fair.de\/wp-content\/uploads\/2023\/04\/Antragsentwurf-Gemeinwohlbilanz-212x300.jpg 212w, https:\/\/konvent.oeko-und-fair.de\/wp-content\/uploads\/2023\/04\/Antragsentwurf-Gemeinwohlbilanz-768x1085.jpg 768w, https:\/\/konvent.oeko-und-fair.de\/wp-content\/uploads\/2023\/04\/Antragsentwurf-Gemeinwohlbilanz-1087x1536.jpg 1087w, https:\/\/konvent.oeko-und-fair.de\/wp-content\/uploads\/2023\/04\/Antragsentwurf-Gemeinwohlbilanz.jpg 1241w\" sizes=\"auto, (max-width: 725px) 100vw, 725px\" \/><\/a><\/figure>\n<\/div>\n\n\n\n<div class=\"wp-block-column is-layout-flow wp-block-column-is-layout-flow\">\n<figure class=\"wp-block-image size-large is-style-default\"><a href=\"https:\/\/konvent.oeko-und-fair.de\/wp-content\/uploads\/2023\/04\/Antragsentwurf-Wirtschaftskonvent.pdf\" target=\"_blank\" rel=\"noreferrer noopener\"><img loading=\"lazy\" decoding=\"async\" width=\"725\" height=\"1024\" src=\"https:\/\/konvent.oeko-und-fair.de\/wp-content\/uploads\/2023\/04\/Antragsentwurf-Wirtschaftskonvent-725x1024.jpg\" alt=\"\" class=\"wp-image-148\" srcset=\"https:\/\/konvent.oeko-und-fair.de\/wp-content\/uploads\/2023\/04\/Antragsentwurf-Wirtschaftskonvent-725x1024.jpg 725w, https:\/\/konvent.oeko-und-fair.de\/wp-content\/uploads\/2023\/04\/Antragsentwurf-Wirtschaftskonvent-212x300.jpg 212w, https:\/\/konvent.oeko-und-fair.de\/wp-content\/uploads\/2023\/04\/Antragsentwurf-Wirtschaftskonvent-768x1085.jpg 768w, https:\/\/konvent.oeko-und-fair.de\/wp-content\/uploads\/2023\/04\/Antragsentwurf-Wirtschaftskonvent-1087x1536.jpg 1087w, https:\/\/konvent.oeko-und-fair.de\/wp-content\/uploads\/2023\/04\/Antragsentwurf-Wirtschaftskonvent.jpg 1241w\" sizes=\"auto, (max-width: 725px) 100vw, 725px\" \/><\/a><\/figure>\n<\/div>\n<\/div>\n\n\n\n<hr class=\"wp-block-separator has-text-color has-vivid-red-color has-alpha-channel-opacity has-vivid-red-background-color has-background\"\/>\n\n\n\n<h2 class=\"wp-block-heading has-text-align-center\">2. Schritt zum Ziel: Pressearbeit<\/h2>\n\n\n\n<p>in K\u00fcrze&#8230;<\/p>\n","protected":false},"excerpt":{"rendered":"<p>Das M\u00fchlrad in Gauting ist nicht nur Wahrzeichen, sondern auch ein Symbol f\u00fcr das Gemeinwohl. Es lieferte von Anfang an Energie zum Wohl der B\u00fcrger und der Unternehmen. An Profit dachte damals noch niemand&#8230; Die \u201eSoziale Marktwirtschaft\u201c ist im Laufe der letzten Jahrzehnte in entfesselte \u201eM\u00e4rkte\u201c in globaler Dimension abgedriftet, die ausschlie\u00dflich von Profitgier und [&hellip;]<\/p>\n","protected":false},"author":1,"featured_media":11,"parent":0,"menu_order":0,"comment_status":"closed","ping_status":"closed","template":"","meta":{"footnotes":""},"class_list":["post-2","page","type-page","status-publish","has-post-thumbnail","czr-hentry"],"_links":{"self":[{"href":"https:\/\/konvent.oeko-und-fair.de\/index.php?rest_route=\/wp\/v2\/pages\/2","targetHints":{"allow":["GET"]}}],"collection":[{"href":"https:\/\/konvent.oeko-und-fair.de\/index.php?rest_route=\/wp\/v2\/pages"}],"about":[{"href":"https:\/\/konvent.oeko-und-fair.de\/index.php?rest_route=\/wp\/v2\/types\/page"}],"author":[{"embeddable":true,"href":"https:\/\/konvent.oeko-und-fair.de\/index.php?rest_route=\/wp\/v2\/users\/1"}],"replies":[{"embeddable":true,"href":"https:\/\/konvent.oeko-und-fair.de\/index.php?rest_route=%2Fwp%2Fv2%2Fcomments&post=2"}],"version-history":[{"count":41,"href":"https:\/\/konvent.oeko-und-fair.de\/index.php?rest_route=\/wp\/v2\/pages\/2\/revisions"}],"predecessor-version":[{"id":168,"href":"https:\/\/konvent.oeko-und-fair.de\/index.php?rest_route=\/wp\/v2\/pages\/2\/revisions\/168"}],"wp:featuredmedia":[{"embeddable":true,"href":"https:\/\/konvent.oeko-und-fair.de\/index.php?rest_route=\/wp\/v2\/media\/11"}],"wp:attachment":[{"href":"https:\/\/konvent.oeko-und-fair.de\/index.php?rest_route=%2Fwp%2Fv2%2Fmedia&parent=2"}],"curies":[{"name":"wp","href":"https:\/\/api.w.org\/{rel}","templated":true}]}}